{"id":2764,"date":"2026-02-14T08:19:24","date_gmt":"2026-02-14T08:19:24","guid":{"rendered":"https:\/\/sahkoexpert.fi\/?post_type=product&#038;p=2764"},"modified":"2026-03-23T08:22:33","modified_gmt":"2026-03-23T08:22:33","slug":"innohome-charlie-c-32a-22-kw-latausasema-kiintealla-type-2-kaapelilla-48-m","status":"publish","type":"product","link":"https:\/\/sahkoexpert.fi\/sv\/shop\/sahkoautojen-latausasemat\/innohome-charlie-c-32a-22-kw-latausasema-kiintealla-type-2-kaapelilla-48-m\/","title":{"rendered":"Innohome Charlie-C 32A \u2013 22 kW laddstation med fast Type 2-kabel (4,8 m)"},"content":{"rendered":"<p>\ud83d\udcd6 Tuotekuvaus<\/p>\n<p>Innohome Charlie-C \u00e4r en i Finland designad och tillverkad laddstation med fast 4,8 meter l\u00e5ng Type 2-kabel. Den erbjuder en s\u00e4ker och effektiv l\u00f6sning f\u00f6r hemmaladdning och mindre fastigheter.<\/p>\n<p>Laddstationen st\u00f6der b\u00e5de 1- och 3-fasanslutning med upp till 22 kW (32 A) laddeffekt. Laddstr\u00f6mmen (10\u201332 A) st\u00e4lls in vid installation via DIP-omkopplare beroende p\u00e5 fastighetens elsystem.<\/p>\n<p>Laddningen startar automatiskt n\u00e4r kabeln ansluts till bilen. Ingen separat app eller autentisering kr\u00e4vs.<\/p>\n<p>Enheten har inbyggt 6 mA DC-l\u00e4ckstr\u00f6msskydd (IEC 62955), vilket inneb\u00e4r att en jordfelsbrytare typ A i elcentralen \u00e4r tillr\u00e4cklig. Lastbalansering \u00e4r m\u00f6jlig mellan upp till fyra Innohome Charlie-3 eller Charlie-C enheter.<\/p>\n<p>Kabelh\u00e5llare ing\u00e5r i paketet.<\/p>","protected":false},"excerpt":{"rendered":"<p class=\"translation-block\">\u2699\ufe0f Tekniska specifikationer<br>\nElektriska egenskaper<\/p>\n<p>Maxeffekt: 22 kW<\/p>\n<p>Laddstr\u00f6m: 10\u201332 A (justerbar)<\/p>\n<p>Anslutning: 1- eller 3-fas<\/p>\n<p>Antal laddpunkter: 1<\/p>\n<p>Laddkontakt: Type 2 (fast 4,8 m kabel)<\/p>\n<p>S\u00e4kerhet<\/p>\n<p>6 mA DC-jordfelskydd (IEC 62955)<\/p>\n<p>Kr\u00e4ver jordfelsbrytare typ A<\/p>\n<p>Kapslingsklass: IP44<\/p>\n<p>\u00d6vrigt<\/p>\n<p>Lastbalansering upp till 4 enheter<\/p>\n<p>Automatisk laddstart<\/p>\n<p>Kompatibel med alla Type 2-fordon<\/p>\n<p>F\u00f6rpackning<\/p>\n<p>F\u00f6rpackningsm\u00e5tt: 190 \u00d7 390 \u00d7 470 mm<\/p>\n<p>F\u00f6rpackningsvikt: 4,5 kg<\/p>","protected":false},"featured_media":2773,"comment_status":"closed","ping_status":"closed","template":"","meta":{"_acf_changed":false,"_coblocks_attr":"","_coblocks_dimensions":"","_coblocks_responsive_height":"","_coblocks_accordion_ie_support":"","_uag_custom_page_level_css":""},"product_brand":[],"product_cat":[70],"product_tag":[],"class_list":{"0":"post-2764","1":"product","2":"type-product","3":"status-publish","4":"has-post-thumbnail","6":"product_cat-sahkoautojen-latausasemat","8":"first","9":"instock","10":"taxable","11":"shipping-taxable","12":"purchasable","13":"product-type-simple"},"acf":[],"uagb_featured_image_src":{"full":["https:\/\/sahkoexpert.fi\/wp-content\/uploads\/2026\/02\/18509740.avif",1200,1200,false],"thumbnail":["https:\/\/sahkoexpert.fi\/wp-content\/uploads\/2026\/02\/18509740-150x150.avif",150,150,true],"medium":["https:\/\/sahkoexpert.fi\/wp-content\/uploads\/2026\/02\/18509740-300x300.avif",300,300,true],"medium_large":["https:\/\/sahkoexpert.fi\/wp-content\/uploads\/2026\/02\/18509740-768x768.avif",768,768,true],"large":["https:\/\/sahkoexpert.fi\/wp-content\/uploads\/2026\/02\/18509740-1024x1024.avif",1024,1024,true],"1536x1536":["https:\/\/sahkoexpert.fi\/wp-content\/uploads\/2026\/02\/18509740.avif",1200,1200,false],"2048x2048":["https:\/\/sahkoexpert.fi\/wp-content\/uploads\/2026\/02\/18509740.avif",1200,1200,false],"trp-custom-language-flag":["https:\/\/sahkoexpert.fi\/wp-content\/uploads\/2026\/02\/18509740-12x12.avif",12,12,true],"woocommerce_thumbnail":["https:\/\/sahkoexpert.fi\/wp-content\/uploads\/2026\/02\/18509740-300x300.avif",300,300,true],"woocommerce_single":["https:\/\/sahkoexpert.fi\/wp-content\/uploads\/2026\/02\/18509740-600x600.avif",600,600,true],"woocommerce_gallery_thumbnail":["https:\/\/sahkoexpert.fi\/wp-content\/uploads\/2026\/02\/18509740-100x100.avif",100,100,true]},"uagb_author_info":{"display_name":"Igor Kuznetsov","author_link":"https:\/\/sahkoexpert.fi\/sv\/author\/"},"uagb_comment_info":0,"uagb_excerpt":"\u2699 Tekniset tiedot S\u00e4hk\u00f6iset ominaisuudet Maksimiteho: 22 kW Latausvirta: 10\u201332 A (s\u00e4\u00e4dett\u00e4v\u00e4) Liit\u00e4nt\u00e4: 1- tai 3-vaihe Latauspisteit\u00e4: 1 Latausliitin: Type 2 (kiinte\u00e4 4,8 m kaapeli) Turvallisuus 6 mA DC-vikavirtasuoja (IEC 62955) Vaatii A-tyypin vikavirtasuojan s\u00e4hk\u00f6keskuksessa Kotelointiluokka: IP44 Lis\u00e4ominaisuudet Kuormantasaus jopa 4 laitteen kesken Automaattinen latauksen k\u00e4ynnistys Sopii kaikille Type 2 -s\u00e4hk\u00f6autoille Pakkaustiedot Pakkauksen mitat: 190&hellip;","_links":{"self":[{"href":"https:\/\/sahkoexpert.fi\/sv\/wp-json\/wp\/v2\/product\/2764","targetHints":{"allow":["GET"]}}],"collection":[{"href":"https:\/\/sahkoexpert.fi\/sv\/wp-json\/wp\/v2\/product"}],"about":[{"href":"https:\/\/sahkoexpert.fi\/sv\/wp-json\/wp\/v2\/types\/product"}],"replies":[{"embeddable":true,"href":"https:\/\/sahkoexpert.fi\/sv\/wp-json\/wp\/v2\/comments?post=2764"}],"wp:featuredmedia":[{"embeddable":true,"href":"https:\/\/sahkoexpert.fi\/sv\/wp-json\/wp\/v2\/media\/2773"}],"wp:attachment":[{"href":"https:\/\/sahkoexpert.fi\/sv\/wp-json\/wp\/v2\/media?parent=2764"}],"wp:term":[{"taxonomy":"product_brand","embeddable":true,"href":"https:\/\/sahkoexpert.fi\/sv\/wp-json\/wp\/v2\/product_brand?post=2764"},{"taxonomy":"product_cat","embeddable":true,"href":"https:\/\/sahkoexpert.fi\/sv\/wp-json\/wp\/v2\/product_cat?post=2764"},{"taxonomy":"product_tag","embeddable":true,"href":"https:\/\/sahkoexpert.fi\/sv\/wp-json\/wp\/v2\/product_tag?post=2764"}],"curies":[{"name":"wp","href":"https:\/\/api.w.org\/{rel}","templated":true}]}}