{"id":2593,"date":"2026-01-20T15:16:52","date_gmt":"2026-01-20T15:16:52","guid":{"rendered":"https:\/\/sahkoexpert.fi\/?post_type=product&#038;p=2593"},"modified":"2026-03-23T10:00:13","modified_gmt":"2026-03-23T10:00:13","slug":"vool-22-kw-latausasema-3-vaihe-65-m-type-2-musta","status":"publish","type":"product","link":"https:\/\/sahkoexpert.fi\/sv\/shop\/sahkoautojen-latausasemat\/vool-22-kw-latausasema-3-vaihe-65-m-type-2-musta\/","title":{"rendered":"VOOL laddstation 22 kW, 3-fas, 6,5 m Type 2 (svart)"},"content":{"rendered":"<p>VOOL-laddstationen \u00e4r en intelligent och kraftfull l\u00f6sning f\u00f6r laddning av elbilar, avsedd f\u00f6r 3-fasanslutning. Enheten erbjuder en laddeffekt p\u00e5 upp till 22 kW, \u00e4r utrustad med en fast 6,5 meter l\u00e5ng Type 2-laddkabel samt omfattande anslutnings- och styrfunktioner f\u00f6r hem, bostadsbolag och kommersiella fastigheter.<\/p>","protected":false},"excerpt":{"rendered":"<p>Viktiga egenskaper<\/p>\n<p>Laddeffekt upp till 22 kW (3-fas)<\/p>\n<p>Fast 6,5 m Type 2-laddkabel<\/p>\n<p>Anslutningar: 4G (eSIM), Wi-Fi, Ethernet, Bluetooth<\/p>\n<p>Smart laddning med Nordpool-integration<\/p>\n<p>St\u00f6d f\u00f6r anv\u00e4ndning av solenergi<\/p>\n<p>RFID- och NFC-identifiering<\/p>\n<p>St\u00f6d f\u00f6r dynamisk lastbalansering (VOOL LMC)<\/p>\n<p>Inbyggd DC-l\u00e4ckstr\u00f6msdetektering<\/p>\n<p>Skyddsklasser IP55 \/ IK10<\/p>\n<p>5 \u00e5rs garanti<\/p>","protected":false},"featured_media":2601,"comment_status":"closed","ping_status":"closed","template":"","meta":{"_acf_changed":false,"_coblocks_attr":"","_coblocks_dimensions":"","_coblocks_responsive_height":"","_coblocks_accordion_ie_support":"","_uag_custom_page_level_css":""},"product_brand":[],"product_cat":[70],"product_tag":[],"class_list":{"0":"post-2593","1":"product","2":"type-product","3":"status-publish","4":"has-post-thumbnail","6":"product_cat-sahkoautojen-latausasemat","8":"first","9":"instock","10":"taxable","11":"shipping-taxable","12":"purchasable","13":"product-type-simple"},"acf":[],"uagb_featured_image_src":{"full":["https:\/\/sahkoexpert.fi\/wp-content\/uploads\/2026\/01\/image_2026.jpg",1202,1200,false],"thumbnail":["https:\/\/sahkoexpert.fi\/wp-content\/uploads\/2026\/01\/image_2026-150x150.jpg",150,150,true],"medium":["https:\/\/sahkoexpert.fi\/wp-content\/uploads\/2026\/01\/image_2026-300x300.jpg",300,300,true],"medium_large":["https:\/\/sahkoexpert.fi\/wp-content\/uploads\/2026\/01\/image_2026-768x767.jpg",768,767,true],"large":["https:\/\/sahkoexpert.fi\/wp-content\/uploads\/2026\/01\/image_2026-1024x1022.jpg",1024,1022,true],"1536x1536":["https:\/\/sahkoexpert.fi\/wp-content\/uploads\/2026\/01\/image_2026.jpg",1202,1200,false],"2048x2048":["https:\/\/sahkoexpert.fi\/wp-content\/uploads\/2026\/01\/image_2026.jpg",1202,1200,false],"trp-custom-language-flag":["https:\/\/sahkoexpert.fi\/wp-content\/uploads\/2026\/01\/image_2026-12x12.jpg",12,12,true],"woocommerce_thumbnail":["https:\/\/sahkoexpert.fi\/wp-content\/uploads\/2026\/01\/image_2026-300x300.jpg",300,300,true],"woocommerce_single":["https:\/\/sahkoexpert.fi\/wp-content\/uploads\/2026\/01\/image_2026-600x599.jpg",600,599,true],"woocommerce_gallery_thumbnail":["https:\/\/sahkoexpert.fi\/wp-content\/uploads\/2026\/01\/image_2026-100x100.jpg",100,100,true]},"uagb_author_info":{"display_name":"SergeiV","author_link":"https:\/\/sahkoexpert.fi\/sv\/author\/"},"uagb_comment_info":0,"uagb_excerpt":"Keskeiset ominaisuudet Latausteho jopa 22 kW (3-vaihe) Kiinte\u00e4 6,5 m Type 2 -latauskaapeli Yhteydet: 4G (eSIM), Wi-Fi, Ethernet, Bluetooth \u00c4lyk\u00e4s lataus Nordpool-integraatiolla Tuki aurinkoenergian hy\u00f6dynt\u00e4miseen RFID- ja NFC-tunnistus Tuki dynaamiselle kuormanhallinnalle (VOOL LMC) Sis\u00e4\u00e4nrakennettu DC-vikavirran tunnistus Suojausluokat IP55 \/ IK10 Takuu 5 vuotta","_links":{"self":[{"href":"https:\/\/sahkoexpert.fi\/sv\/wp-json\/wp\/v2\/product\/2593","targetHints":{"allow":["GET"]}}],"collection":[{"href":"https:\/\/sahkoexpert.fi\/sv\/wp-json\/wp\/v2\/product"}],"about":[{"href":"https:\/\/sahkoexpert.fi\/sv\/wp-json\/wp\/v2\/types\/product"}],"replies":[{"embeddable":true,"href":"https:\/\/sahkoexpert.fi\/sv\/wp-json\/wp\/v2\/comments?post=2593"}],"wp:featuredmedia":[{"embeddable":true,"href":"https:\/\/sahkoexpert.fi\/sv\/wp-json\/wp\/v2\/media\/2601"}],"wp:attachment":[{"href":"https:\/\/sahkoexpert.fi\/sv\/wp-json\/wp\/v2\/media?parent=2593"}],"wp:term":[{"taxonomy":"product_brand","embeddable":true,"href":"https:\/\/sahkoexpert.fi\/sv\/wp-json\/wp\/v2\/product_brand?post=2593"},{"taxonomy":"product_cat","embeddable":true,"href":"https:\/\/sahkoexpert.fi\/sv\/wp-json\/wp\/v2\/product_cat?post=2593"},{"taxonomy":"product_tag","embeddable":true,"href":"https:\/\/sahkoexpert.fi\/sv\/wp-json\/wp\/v2\/product_tag?post=2593"}],"curies":[{"name":"wp","href":"https:\/\/api.w.org\/{rel}","templated":true}]}}