{"id":2513,"date":"2026-01-06T15:35:51","date_gmt":"2026-01-06T15:35:51","guid":{"rendered":"https:\/\/sahkoexpert.fi\/?post_type=product&#038;p=2513"},"modified":"2026-03-23T10:08:07","modified_gmt":"2026-03-23T10:08:07","slug":"defa-power-alykas-sahkoauton-latausasema-22-kw-2","status":"publish","type":"product","link":"https:\/\/sahkoexpert.fi\/sv\/shop\/sahkoautojen-latausasemat\/defa-power-alykas-sahkoauton-latausasema-22-kw-2\/","title":{"rendered":"DEFA Power \u2013 smart laddstation f\u00f6r elbilar 22 kW\n+ DEFA Balancer (Home)"},"content":{"rendered":"<p>DEFA Power \u00e4r en modern och kraftfull laddstation f\u00f6r elbilar, utvecklad f\u00f6r nordiska f\u00f6rh\u00e5llanden. Den kombinerar smart energihantering, h\u00f6g anv\u00e4ndarkomfort och robust konstruktion. Den fasta laddkabeln, den tydliga displayen och RFID-identifiering g\u00f6r den dagliga laddningen enkel och s\u00e4ker.<\/p>\n<p>Tillsammans med DEFA Balancer (Home) optimerar laddstationen automatiskt tillg\u00e4nglig effekt i fastigheten och f\u00f6rhindrar \u00f6verbelastning av huvuds\u00e4kringarna \u2013 helt automatiskt.<\/p>","protected":false},"excerpt":{"rendered":"<p class=\"translation-block\">\ud83d\udd0c DEFA Power \u2014 huvudegenskaper\nKraftfull och flexibel laddning\n<br>\nMaximal laddningseffekt \u2014 upp till 22 kW (32 A)\n<br>\nM\u00f6jlighet att ansluta till 1-, 2- eller 3-fasn\u00e4t\n<br>\nEffekten justeras beroende p\u00e5 objektets eln\u00e4tsparametrar\n<br>\nBekv\u00e4mlighet och tydlighet\n<br>\nIntuitiv display som visar laddningsstatus och elf\u00f6rbrukning\n<br>\nAll n\u00f6dv\u00e4ndig information \u2014 vid en blick\n<br>\nIntelligent energistyrning\n<br>\nAutomatisk optimering av tillg\u00e4nglig effekt\n<br>\nMed appen PowerSmart kan man undvika laddning under de timmar d\u00e5 elen \u00e4r som dyrast\n<br>\nFull beredskap f\u00f6r integration med ett laststyrningssystem\n<br>\n\u00c5tkomstkontroll\n<br>\nStart av laddning via RFID-nyckel eller mobilapp\n<br>\nM\u00f6jlighet att \u00f6vervaka anv\u00e4ndningen via QR-kod eller NFC-tagg\n(beroende p\u00e5 operat\u00f6r)\n<br>\nBeredskap f\u00f6r framtida teknologier\n<br>\nAnslutning: Wi-Fi, LAN, 4G\/5G\n<br>\nInst\u00e4llning via Bluetooth med appen DEFA Power Setup\n<br>\nSt\u00f6d f\u00f6r OCPP 2.0.1 och ISO 15118, inklusive den framtida funktionen Plug &amp; Charge<\/p>\n<p class=\"translation-block\">\ud83d\udd10 S\u00e4kerhet och eltekniska krav\n<br>\nInbyggd \u00f6vervakning av DC-l\u00e4ckstr\u00f6m\nRCD-DD 6 mA i enlighet med standarden IEC 62955\n<br>\nInstallation av separat jordfelsbrytare typ A kr\u00e4vs (RCCB eller RCBO)\n\n<br>\nFull \u00f6verensst\u00e4mmelse med moderna och framtida els\u00e4kerhetskrav...<\/p>\n<p class=\"translation-block\">\ud83d\udd0c Integrerad laddkabel \u2014 skapad f\u00f6r nordiska f\u00f6rh\u00e5llanden\n<br>\nIntegrerad Type 2-kabel, l\u00e4ngd 6 m\n<br>\nBeh\u00e5ller flexibiliteten \u00e4ven vid str\u00e4ng kyla\n<br>\nL\u00e4tt, ergonomisk och universell kontakt\n<br>\nSkyddslock med f\u00e4strem f\u00f6rhindrar att vatten och smuts kommer in<\/p>\n<p class=\"translation-block\">\u2696\ufe0f DEFA Balancer (Home) \u2014 intelligent laststyrning\n<br>\nDEFA Balancer \u00f6vervakar objektets totala energif\u00f6rbrukning och skickar information om tillg\u00e4nglig effekt direkt till laddstationen. Tack vare detta anpassas laddningseffekten automatiskt efter byggnadens aktuella belastning.\n<br>\nHuvudfunktioner:\n<br>\nStr\u00f6m\u00f6vervakning och laststyrning i realtid\n<br>\nSt\u00f6d f\u00f6r tr\u00e5dbundet och tr\u00e5dl\u00f6st lokalt n\u00e4tverk\n<br>\nI paketet ing\u00e5r:\n<br>\nlaststyrningsenhet\n<br>\nstr\u00f6mtransformatorer 80 A\n<br>\nWi-Fi-antenn\n<br>\nTar endast 2 DIN-moduler i elcentralen\n<br>\nAvsedd i f\u00f6rsta hand f\u00f6r styrning av en laddstation\n(m\u00f6jlighet till utbyggnad beror p\u00e5 systemets konfiguration)<\/p>\n<p class=\"translation-block\">\ud83e\uddf0 Nyckelf\u00e4rdig installation \u2014 ing\u00e5r i paketpriset\n<br>\nI paketpriset ing\u00e5r:\n<br>\ninstallation av laddstationen DEFA Power\n<br>\ninstallation och inst\u00e4llning av DEFA Balancer (Home)\n<br>\ngrundkonfiguration av systemet och funktionskontroll<\/p>\n<p>\ud83d\udc49 Klicka p\u00e5 installationsvillkoren f\u00f6r att se hela arbetslistan och f\u00f6rst\u00e5 vad som ing\u00e5r i standardinstallationen.<\/p>\n<p class=\"translation-block\">\ud83d\udee0 Viktig information om installation\n\nInstallationen f\u00e5r utf\u00f6ras endast av en kvalificerad elektriker\n\nKunden ansvarar f\u00f6r att objektet \u00e4r l\u00e4mpligt f\u00f6r installation av vald utrustning\n\nDet rekommenderas att g\u00f6ra en noggrann f\u00f6runders\u00f6kning\n\nVid installation ska man beakta:\n\nbehovet av installation av jordfelsbrytare\n\neventuella \u00e4ndringar i elmatningssystemet\n\nkrav p\u00e5 laststyrning och n\u00e4tets skydd<\/p>","protected":false},"featured_media":2514,"comment_status":"closed","ping_status":"closed","template":"","meta":{"_acf_changed":false,"_coblocks_attr":"","_coblocks_dimensions":"","_coblocks_responsive_height":"","_coblocks_accordion_ie_support":"","_uag_custom_page_level_css":""},"product_brand":[],"product_cat":[70],"product_tag":[],"class_list":{"0":"post-2513","1":"product","2":"type-product","3":"status-publish","4":"has-post-thumbnail","6":"product_cat-sahkoautojen-latausasemat","8":"first","9":"instock","10":"taxable","11":"shipping-taxable","12":"purchasable","13":"product-type-simple"},"acf":[],"uagb_featured_image_src":{"full":["https:\/\/sahkoexpert.fi\/wp-content\/uploads\/2026\/01\/image_2026-01-05_11-48-57-copy.jpg",1000,1000,false],"thumbnail":["https:\/\/sahkoexpert.fi\/wp-content\/uploads\/2026\/01\/image_2026-01-05_11-48-57-copy-150x150.jpg",150,150,true],"medium":["https:\/\/sahkoexpert.fi\/wp-content\/uploads\/2026\/01\/image_2026-01-05_11-48-57-copy-300x300.jpg",300,300,true],"medium_large":["https:\/\/sahkoexpert.fi\/wp-content\/uploads\/2026\/01\/image_2026-01-05_11-48-57-copy-768x768.jpg",768,768,true],"large":["https:\/\/sahkoexpert.fi\/wp-content\/uploads\/2026\/01\/image_2026-01-05_11-48-57-copy.jpg",1000,1000,false],"1536x1536":["https:\/\/sahkoexpert.fi\/wp-content\/uploads\/2026\/01\/image_2026-01-05_11-48-57-copy.jpg",1000,1000,false],"2048x2048":["https:\/\/sahkoexpert.fi\/wp-content\/uploads\/2026\/01\/image_2026-01-05_11-48-57-copy.jpg",1000,1000,false],"trp-custom-language-flag":["https:\/\/sahkoexpert.fi\/wp-content\/uploads\/2026\/01\/image_2026-01-05_11-48-57-copy-12x12.jpg",12,12,true],"woocommerce_thumbnail":["https:\/\/sahkoexpert.fi\/wp-content\/uploads\/2026\/01\/image_2026-01-05_11-48-57-copy-300x300.jpg",300,300,true],"woocommerce_single":["https:\/\/sahkoexpert.fi\/wp-content\/uploads\/2026\/01\/image_2026-01-05_11-48-57-copy-600x600.jpg",600,600,true],"woocommerce_gallery_thumbnail":["https:\/\/sahkoexpert.fi\/wp-content\/uploads\/2026\/01\/image_2026-01-05_11-48-57-copy-100x100.jpg",100,100,true]},"uagb_author_info":{"display_name":"SergeiV","author_link":"https:\/\/sahkoexpert.fi\/sv\/author\/"},"uagb_comment_info":0,"uagb_excerpt":"\ud83d\udd0c DEFA Power \u2014 t\u00e4rkeimm\u00e4t ominaisuudet Tehokas ja joustava lataus Latauksen enimm\u00e4isteho \u2014 jopa 22 kW (32 A) Mahdollisuus kytke\u00e4 1-, 2- tai 3-vaiheiseen verkkoon Teho s\u00e4\u00e4det\u00e4\u00e4n kohteen s\u00e4hk\u00f6verkon parametrien mukaan Mukavuus ja selkeys Intuitiivinen n\u00e4ytt\u00f6, joka n\u00e4ytt\u00e4\u00e4 latauksen tilan ja s\u00e4hk\u00f6nkulutuksen Kaikki tarvittava tieto \u2014 yhdell\u00e4 silm\u00e4yksell\u00e4 \u00c4lyk\u00e4s energianhallinta K\u00e4ytett\u00e4viss\u00e4 olevan tehon automaattinen optimointi&hellip;","_links":{"self":[{"href":"https:\/\/sahkoexpert.fi\/sv\/wp-json\/wp\/v2\/product\/2513","targetHints":{"allow":["GET"]}}],"collection":[{"href":"https:\/\/sahkoexpert.fi\/sv\/wp-json\/wp\/v2\/product"}],"about":[{"href":"https:\/\/sahkoexpert.fi\/sv\/wp-json\/wp\/v2\/types\/product"}],"replies":[{"embeddable":true,"href":"https:\/\/sahkoexpert.fi\/sv\/wp-json\/wp\/v2\/comments?post=2513"}],"wp:featuredmedia":[{"embeddable":true,"href":"https:\/\/sahkoexpert.fi\/sv\/wp-json\/wp\/v2\/media\/2514"}],"wp:attachment":[{"href":"https:\/\/sahkoexpert.fi\/sv\/wp-json\/wp\/v2\/media?parent=2513"}],"wp:term":[{"taxonomy":"product_brand","embeddable":true,"href":"https:\/\/sahkoexpert.fi\/sv\/wp-json\/wp\/v2\/product_brand?post=2513"},{"taxonomy":"product_cat","embeddable":true,"href":"https:\/\/sahkoexpert.fi\/sv\/wp-json\/wp\/v2\/product_cat?post=2513"},{"taxonomy":"product_tag","embeddable":true,"href":"https:\/\/sahkoexpert.fi\/sv\/wp-json\/wp\/v2\/product_tag?post=2513"}],"curies":[{"name":"wp","href":"https:\/\/api.w.org\/{rel}","templated":true}]}}