{"id":2747,"date":"2026-02-14T06:38:03","date_gmt":"2026-02-14T06:38:03","guid":{"rendered":"https:\/\/sahkoexpert.fi\/?post_type=product&#038;p=2747"},"modified":"2026-03-23T08:55:59","modified_gmt":"2026-03-23T08:55:59","slug":"zaptec-pro-mid-ammattitason-latausasema-jopa-22-kw-sis-taustalevyn-cyz675","status":"publish","type":"product","link":"https:\/\/sahkoexpert.fi\/en\/shop\/sahkoautojen-latausasemat\/zaptec-pro-mid-ammattitason-latausasema-jopa-22-kw-sis-taustalevyn-cyz675\/","title":{"rendered":"Zaptec Pro MID \u2013 ammattitason latausasema jopa 22 kW (sis. taustalevyn CYZ675)"},"content":{"rendered":"<p>\ud83d\udcd6 Tuotekuvaus<\/p>\n<p>Zaptec Pro MID on moderni norjalainen latausasema yrityksille, pys\u00e4k\u00f6intialueille ja taloyhti\u00f6ille. Se on yksi suosituimmista ratkaisuista yhteisk\u00e4ytt\u00f6iseen latausinfrastruktuuriin Pohjoismaissa.<\/p>\n<p>Laitteessa on MID-hyv\u00e4ksytty energiamittari ja n\u00e4ytt\u00f6, jotka t\u00e4ytt\u00e4v\u00e4t laskutettavan latauksen mittauslaitelain vaatimukset. Pakkaus sis\u00e4lt\u00e4\u00e4 asennukseen tarvittavan taustalevyn (CYZ675).<\/p>\n<p>Zaptec Pro tukee jopa 22 kW lataustehoa ja siin\u00e4 on lukittava Type 2 -pistorasia. Patentoitu langaton dynaaminen kuormanhallinta vaiheiden optimoinnilla mahdollistaa useiden latausasemien tehokkaan k\u00e4yt\u00f6n ilman s\u00e4hk\u00f6verkon kallista laajentamista. J\u00e4rjestelm\u00e4\u00e4 voidaan laajentaa helposti muutamasta latauspisteest\u00e4 kymmeniin tai satoihin.<\/p>\n<p>Laitteessa on sis\u00e4\u00e4nrakennettu 4G-nettiyhteys (ilmainen) sek\u00e4 p\u00e4\u00e4sy maksuttomaan Zaptec-pilvipalveluun (portal.zaptec.com), jossa on k\u00e4ytt\u00e4j\u00e4hallinta, raportointi ja energiankulutuksen seuranta.<\/p>\n<p>Zaptec Pro on helposti liitett\u00e4viss\u00e4 kolmannen osapuolen palveluihin, kuten eParkingiin ja EasyParkiin, OCPP-, Webhooks- ja API-rajapintojen kautta.<\/p>\n<p>Laite on tulevaisuusvalmis ja tukee ISO 15118 -standardia (Plug & Charge ja State of Charge).<\/p>","protected":false},"excerpt":{"rendered":"<p class=\"translation-block\">\u2699\ufe0f Technical Specifications<br>\nElectrical Features<\/p>\n<p>Latausteho: jopa 22 kW<\/p>\n<p>Liit\u00e4nt\u00e4: lukittava Type 2 -pistorasia<\/p>\n<p>MID-hyv\u00e4ksytty energiamittari<\/p>\n<p>Sis\u00e4\u00e4nrakennettu B-tyypin vikavirtasuoja<\/p>\n<p>3\u00d740 A johdonsuojakatkaisija (C-tyyppi)<\/p>\n<p>Connectivity &amp; Control<\/p>\n<p>Sis\u00e4\u00e4nrakennettu 4G (ilmainen)<\/p>\n<p>WiFi<\/p>\n<p>PLC<\/p>\n<p>Bluetooth<\/p>\n<p>Zaptec-pilvipalvelu (maksuton)<\/p>\n<p>OCPP<\/p>\n<p>Webhooks ja API<\/p>\n<p>Smart Features<\/p>\n<p>Patentoitu langaton kuormanhallinta<\/p>\n<p>Vaiheiden optimointi<\/p>\n<p>Skaalautuva j\u00e4rjestelm\u00e4<\/p>\n<p>Energiankulutuksen seuranta pilvipalvelussa<\/p>\n<p>Ilmaiset ohjelmistop\u00e4ivitykset<\/p>\n<p>ISO 15118 -valmius<\/p>\n<p>Standardit ja turvallisuus<\/p>\n<p>IEC 61851-1<\/p>\n<p>IEC 60364<\/p>\n<p>T\u00dcV and CE certified<\/p>\n<p>Integroitu l\u00e4mp\u00f6tila-, ylivirta-, vikavirta- ja kosteusvalvonta<\/p>\n<p>Asennus<\/p>\n<p>Taustalevy CYZ675 sis\u00e4ltyy hintaan<\/p>\n<p>Warranty<\/p>\n<p>5 years<\/p>","protected":false},"featured_media":2753,"comment_status":"closed","ping_status":"closed","template":"","meta":{"_acf_changed":false,"_coblocks_attr":"","_coblocks_dimensions":"","_coblocks_responsive_height":"","_coblocks_accordion_ie_support":"","_uag_custom_page_level_css":""},"product_brand":[],"product_cat":[70],"product_tag":[],"class_list":{"0":"post-2747","1":"product","2":"type-product","3":"status-publish","4":"has-post-thumbnail","6":"product_cat-sahkoautojen-latausasemat","8":"first","9":"instock","10":"taxable","11":"shipping-taxable","12":"purchasable","13":"product-type-simple"},"acf":[],"uagb_featured_image_src":{"full":["https:\/\/sahkoexpert.fi\/wp-content\/uploads\/2026\/02\/zaptec-pro-mid-mittarilla_600x600.webp",600,600,false],"thumbnail":["https:\/\/sahkoexpert.fi\/wp-content\/uploads\/2026\/02\/zaptec-pro-mid-mittarilla_600x600-150x150.webp",150,150,true],"medium":["https:\/\/sahkoexpert.fi\/wp-content\/uploads\/2026\/02\/zaptec-pro-mid-mittarilla_600x600-300x300.webp",300,300,true],"medium_large":["https:\/\/sahkoexpert.fi\/wp-content\/uploads\/2026\/02\/zaptec-pro-mid-mittarilla_600x600.webp",600,600,false],"large":["https:\/\/sahkoexpert.fi\/wp-content\/uploads\/2026\/02\/zaptec-pro-mid-mittarilla_600x600.webp",600,600,false],"1536x1536":["https:\/\/sahkoexpert.fi\/wp-content\/uploads\/2026\/02\/zaptec-pro-mid-mittarilla_600x600.webp",600,600,false],"2048x2048":["https:\/\/sahkoexpert.fi\/wp-content\/uploads\/2026\/02\/zaptec-pro-mid-mittarilla_600x600.webp",600,600,false],"trp-custom-language-flag":["https:\/\/sahkoexpert.fi\/wp-content\/uploads\/2026\/02\/zaptec-pro-mid-mittarilla_600x600-12x12.webp",12,12,true],"woocommerce_thumbnail":["https:\/\/sahkoexpert.fi\/wp-content\/uploads\/2026\/02\/zaptec-pro-mid-mittarilla_600x600-300x300.webp",300,300,true],"woocommerce_single":["https:\/\/sahkoexpert.fi\/wp-content\/uploads\/2026\/02\/zaptec-pro-mid-mittarilla_600x600.webp",600,600,false],"woocommerce_gallery_thumbnail":["https:\/\/sahkoexpert.fi\/wp-content\/uploads\/2026\/02\/zaptec-pro-mid-mittarilla_600x600-100x100.webp",100,100,true]},"uagb_author_info":{"display_name":"Igor Kuznetsov","author_link":"https:\/\/sahkoexpert.fi\/en\/author\/"},"uagb_comment_info":0,"uagb_excerpt":"\u2699 Tekniset tiedot S\u00e4hk\u00f6iset ominaisuudet Latausteho: jopa 22 kW Liit\u00e4nt\u00e4: lukittava Type 2 -pistorasia MID-hyv\u00e4ksytty energiamittari Sis\u00e4\u00e4nrakennettu B-tyypin vikavirtasuoja 3\u00d740 A johdonsuojakatkaisija (C-tyyppi) Yhteydet ja hallinta Sis\u00e4\u00e4nrakennettu 4G (ilmainen) WiFi PLC Bluetooth Zaptec-pilvipalvelu (maksuton) OCPP Webhooks ja API \u00c4lyominaisuudet Patentoitu langaton kuormanhallinta Vaiheiden optimointi Skaalautuva j\u00e4rjestelm\u00e4 Energiankulutuksen seuranta pilvipalvelussa Ilmaiset ohjelmistop\u00e4ivitykset ISO 15118 -valmius Standardit&hellip;","_links":{"self":[{"href":"https:\/\/sahkoexpert.fi\/en\/wp-json\/wp\/v2\/product\/2747","targetHints":{"allow":["GET"]}}],"collection":[{"href":"https:\/\/sahkoexpert.fi\/en\/wp-json\/wp\/v2\/product"}],"about":[{"href":"https:\/\/sahkoexpert.fi\/en\/wp-json\/wp\/v2\/types\/product"}],"replies":[{"embeddable":true,"href":"https:\/\/sahkoexpert.fi\/en\/wp-json\/wp\/v2\/comments?post=2747"}],"wp:featuredmedia":[{"embeddable":true,"href":"https:\/\/sahkoexpert.fi\/en\/wp-json\/wp\/v2\/media\/2753"}],"wp:attachment":[{"href":"https:\/\/sahkoexpert.fi\/en\/wp-json\/wp\/v2\/media?parent=2747"}],"wp:term":[{"taxonomy":"product_brand","embeddable":true,"href":"https:\/\/sahkoexpert.fi\/en\/wp-json\/wp\/v2\/product_brand?post=2747"},{"taxonomy":"product_cat","embeddable":true,"href":"https:\/\/sahkoexpert.fi\/en\/wp-json\/wp\/v2\/product_cat?post=2747"},{"taxonomy":"product_tag","embeddable":true,"href":"https:\/\/sahkoexpert.fi\/en\/wp-json\/wp\/v2\/product_tag?post=2747"}],"curies":[{"name":"wp","href":"https:\/\/api.w.org\/{rel}","templated":true}]}}