{"id":2707,"date":"2026-02-09T19:20:40","date_gmt":"2026-02-09T19:20:40","guid":{"rendered":"https:\/\/sahkoexpert.fi\/?post_type=product&#038;p=2707"},"modified":"2026-03-23T10:16:45","modified_gmt":"2026-03-23T10:16:45","slug":"tesla-wall-connector-latausasema","status":"publish","type":"product","link":"https:\/\/sahkoexpert.fi\/en\/shop\/sahkoautojen-latausasemat\/tesla-wall-connector-latausasema\/","title":{"rendered":"Tesla Wall Connector \u2013 charging station"},"content":{"rendered":"<p>Pre-order<\/p>\n<p>Tesla Wall Connector is a reliable and cost-effective solution for home EV charging. Designed for everyday use, the charging station is compatible with all electric vehicles equipped with a Type 2 connector, not only Tesla cars.<\/p>\n<p>Charging scheduling, control, and monitoring are easily managed via the Tesla mobile app. The Wall Connector supports charging power of up to 22 kW. When multiple units are installed, the power sharing feature allows up to four Wall Connectors to intelligently distribute available power. Dynamic load management is also available to adapt charging to the building\u2019s overall electricity consumption.<\/p>\n<p>The unit is equipped with a fixed 7.3-metre charging cable featuring the familiar Tesla button, which allows the vehicle\u2019s charging port to be opened effortlessly.<\/p>","protected":false},"excerpt":{"rendered":"<p>Main features:<\/p>\n<p>compatible with all Type 2 electric vehicles<\/p>\n<p>charging control and monitoring via the Tesla app<\/p>\n<p>latausteho jopa 22 kW<\/p>\n<p>intelligent power sharing for multiple chargers<\/p>\n<p>support for dynamic load management<\/p>\n<p>fixed 7.3 m cable with Tesla button<\/p>","protected":false},"featured_media":2710,"comment_status":"closed","ping_status":"closed","template":"","meta":{"_acf_changed":false,"_coblocks_attr":"","_coblocks_dimensions":"","_coblocks_responsive_height":"","_coblocks_accordion_ie_support":"","_uag_custom_page_level_css":""},"product_brand":[],"product_cat":[70],"product_tag":[],"class_list":{"0":"post-2707","1":"product","2":"type-product","3":"status-publish","4":"has-post-thumbnail","6":"product_cat-sahkoautojen-latausasemat","8":"first","9":"onbackorder","10":"taxable","11":"shipping-taxable","12":"purchasable","13":"product-type-simple"},"acf":[],"uagb_featured_image_src":{"full":["https:\/\/sahkoexpert.fi\/wp-content\/uploads\/2026\/02\/TeslaWallConnector_1400x1400.webp",1400,1400,false],"thumbnail":["https:\/\/sahkoexpert.fi\/wp-content\/uploads\/2026\/02\/TeslaWallConnector_1400x1400-150x150.webp",150,150,true],"medium":["https:\/\/sahkoexpert.fi\/wp-content\/uploads\/2026\/02\/TeslaWallConnector_1400x1400-300x300.webp",300,300,true],"medium_large":["https:\/\/sahkoexpert.fi\/wp-content\/uploads\/2026\/02\/TeslaWallConnector_1400x1400-768x768.webp",768,768,true],"large":["https:\/\/sahkoexpert.fi\/wp-content\/uploads\/2026\/02\/TeslaWallConnector_1400x1400-1024x1024.webp",1024,1024,true],"1536x1536":["https:\/\/sahkoexpert.fi\/wp-content\/uploads\/2026\/02\/TeslaWallConnector_1400x1400.webp",1400,1400,false],"2048x2048":["https:\/\/sahkoexpert.fi\/wp-content\/uploads\/2026\/02\/TeslaWallConnector_1400x1400.webp",1400,1400,false],"trp-custom-language-flag":["https:\/\/sahkoexpert.fi\/wp-content\/uploads\/2026\/02\/TeslaWallConnector_1400x1400-12x12.webp",12,12,true],"woocommerce_thumbnail":["https:\/\/sahkoexpert.fi\/wp-content\/uploads\/2026\/02\/TeslaWallConnector_1400x1400-300x300.webp",300,300,true],"woocommerce_single":["https:\/\/sahkoexpert.fi\/wp-content\/uploads\/2026\/02\/TeslaWallConnector_1400x1400-600x600.webp",600,600,true],"woocommerce_gallery_thumbnail":["https:\/\/sahkoexpert.fi\/wp-content\/uploads\/2026\/02\/TeslaWallConnector_1400x1400-100x100.webp",100,100,true]},"uagb_author_info":{"display_name":"Igor Kuznetsov","author_link":"https:\/\/sahkoexpert.fi\/en\/author\/"},"uagb_comment_info":0,"uagb_excerpt":"Keskeiset ominaisuudet: yhteensopiva kaikkien Type 2 -s\u00e4hk\u00f6autojen kanssa latauksen ohjaus ja seuranta Tesla-sovelluksella latausteho jopa 22 kW \u00e4lyk\u00e4s tehonjakotoiminto useille laitteille dynaaminen kuormanhallinta saatavilla kiinte\u00e4 7,3 m kaapeli Tesla-painikkeella","_links":{"self":[{"href":"https:\/\/sahkoexpert.fi\/en\/wp-json\/wp\/v2\/product\/2707","targetHints":{"allow":["GET"]}}],"collection":[{"href":"https:\/\/sahkoexpert.fi\/en\/wp-json\/wp\/v2\/product"}],"about":[{"href":"https:\/\/sahkoexpert.fi\/en\/wp-json\/wp\/v2\/types\/product"}],"replies":[{"embeddable":true,"href":"https:\/\/sahkoexpert.fi\/en\/wp-json\/wp\/v2\/comments?post=2707"}],"wp:featuredmedia":[{"embeddable":true,"href":"https:\/\/sahkoexpert.fi\/en\/wp-json\/wp\/v2\/media\/2710"}],"wp:attachment":[{"href":"https:\/\/sahkoexpert.fi\/en\/wp-json\/wp\/v2\/media?parent=2707"}],"wp:term":[{"taxonomy":"product_brand","embeddable":true,"href":"https:\/\/sahkoexpert.fi\/en\/wp-json\/wp\/v2\/product_brand?post=2707"},{"taxonomy":"product_cat","embeddable":true,"href":"https:\/\/sahkoexpert.fi\/en\/wp-json\/wp\/v2\/product_cat?post=2707"},{"taxonomy":"product_tag","embeddable":true,"href":"https:\/\/sahkoexpert.fi\/en\/wp-json\/wp\/v2\/product_tag?post=2707"}],"curies":[{"name":"wp","href":"https:\/\/api.w.org\/{rel}","templated":true}]}}