{"id":2666,"date":"2026-02-07T07:42:30","date_gmt":"2026-02-07T07:42:30","guid":{"rendered":"https:\/\/sahkoexpert.fi\/?post_type=product&#038;p=2666"},"modified":"2026-03-23T10:15:26","modified_gmt":"2026-03-23T10:15:26","slug":"togo-mini-kannettava-sukolaturi-sahkoautoille","status":"publish","type":"product","link":"https:\/\/sahkoexpert.fi\/en\/shop\/sahkoautojen-latausasemat\/togo-mini-kannettava-sukolaturi-sahkoautoille\/","title":{"rendered":"ToGo Mini \u2013 kannettava sukolaturi s\u00e4hk\u00f6autoille"},"content":{"rendered":"<p>Kotilataus on yksi helpoimmista ja k\u00e4yt\u00e4nn\u00f6llisimmist\u00e4 tavoista ladata s\u00e4hk\u00f6autoja ja ladattavia hybridej\u00e4. T\u00e4m\u00e4 kannettava s\u00e4hk\u00f6auton latauslaite on suunniteltu k\u00e4ytett\u00e4v\u00e4ksi kotona, matkalla, ty\u00f6paikalla tai vapaa-ajan asunnolla. Kompaktin rakenteensa ansiosta laite on helppo kuljettaa mukana ja ottaa k\u00e4ytt\u00f6\u00f6n aina tarpeen mukaan.<\/p>\n<p>Latauslaite tukee s\u00e4\u00e4dett\u00e4v\u00e4\u00e4 latausvirtaa 6\u201316 A, mink\u00e4 ansiosta se soveltuu sek\u00e4 tavalliseen pistorasiaan ett\u00e4 vahvempaan siniseen (superschuko) pistorasiaan. Integroitu Type 2 -latauskaapeli takaa yhteensopivuuden useimpien s\u00e4hk\u00f6autojen ja lataushybridien kanssa. Saatavilla on 5, 10 ja 20 metrin kaapelivaihtoehdot. Laitteen voi my\u00f6s kiinnitt\u00e4\u00e4 sein\u00e4lle pysyv\u00e4\u00e4 k\u00e4ytt\u00f6\u00e4 varten.<\/p>\n<p>Selke\u00e4 LCD-n\u00e4ytt\u00f6 n\u00e4ytt\u00e4\u00e4 reaaliaikaisesti latauksen keskeiset tiedot, kuten lataustehon ja j\u00e4nnitteen, ladatun energian m\u00e4\u00e4r\u00e4n, l\u00e4mp\u00f6tilan sek\u00e4 latausajan. Latausvirtaa voidaan s\u00e4\u00e4t\u00e4\u00e4 helposti laitteen etupaneelista. Tavallisesta pistorasiasta ladattaessa suositellaan enint\u00e4\u00e4n 8 A latausvirtaa, kun taas vahvemmasta pistorasiasta voidaan hy\u00f6dynt\u00e4\u00e4 t\u00e4ysi 16 A teho.<\/p>\n<p>Laitteen enimm\u00e4islatausteho on 3,6 kW (1 \u00d7 16 A). T\u00e4m\u00e4 mahdollistaa ladattavan hybridin akun t\u00e4yden lataamisen noin kolmessa tunnissa ja t\u00e4yss\u00e4hk\u00f6auton akun lataamisen noin 15 tunnissa. Laite on suunniteltu toimimaan luotettavasti erilaisissa s\u00e4\u00e4olosuhteissa ja se on varustettu kattavilla turvatoiminnoilla.<\/p>","protected":false},"excerpt":{"rendered":"<p>Technical specifications:<\/p>\n<p>Latauskaapelin pituus: 5 m \/ 10 m \/ 20 m<\/p>\n<p>Maksimilatausteho: 3,6 kW<\/p>\n<p>Liit\u00e4nn\u00e4t: Schuko \u2013 Type 2<\/p>\n<p>Takuu: 1 vuosi<\/p>\n<p>K\u00e4ytt\u00f6l\u00e4mp\u00f6tila: \u221225 \u00b0C \u2026 +55 \u00b0C<\/p>\n<p>Suojaus ja turvallisuus: IP66, CE, vuotosuoja, yli- ja alij\u00e4nnitesuoja, ylikuormitussuoja, salamasuoja, ylikuumenemissuoja, Type A RCD<\/p>\n<p>Valmistusmaa: Kiina<\/p>\n<p>Virrans\u00e4\u00e4t\u00f6: 6 A \/ 8 A \/ 10 A \/ 13 A \/ 16 A<\/p>","protected":false},"featured_media":2671,"comment_status":"closed","ping_status":"closed","template":"","meta":{"_acf_changed":false,"_coblocks_attr":"","_coblocks_dimensions":"","_coblocks_responsive_height":"","_coblocks_accordion_ie_support":"","_uag_custom_page_level_css":""},"product_brand":[],"product_cat":[70],"product_tag":[],"class_list":{"0":"post-2666","1":"product","2":"type-product","3":"status-publish","4":"has-post-thumbnail","6":"product_cat-sahkoautojen-latausasemat","8":"first","9":"instock","10":"taxable","11":"shipping-taxable","12":"purchasable","13":"product-type-variable","14":"has-default-attributes"},"acf":[],"uagb_featured_image_src":{"full":["https:\/\/sahkoexpert.fi\/wp-content\/uploads\/2026\/02\/30602523410592_798x798.webp",798,798,false],"thumbnail":["https:\/\/sahkoexpert.fi\/wp-content\/uploads\/2026\/02\/30602523410592_798x798-150x150.webp",150,150,true],"medium":["https:\/\/sahkoexpert.fi\/wp-content\/uploads\/2026\/02\/30602523410592_798x798-300x300.webp",300,300,true],"medium_large":["https:\/\/sahkoexpert.fi\/wp-content\/uploads\/2026\/02\/30602523410592_798x798-768x768.webp",768,768,true],"large":["https:\/\/sahkoexpert.fi\/wp-content\/uploads\/2026\/02\/30602523410592_798x798.webp",798,798,false],"1536x1536":["https:\/\/sahkoexpert.fi\/wp-content\/uploads\/2026\/02\/30602523410592_798x798.webp",798,798,false],"2048x2048":["https:\/\/sahkoexpert.fi\/wp-content\/uploads\/2026\/02\/30602523410592_798x798.webp",798,798,false],"trp-custom-language-flag":["https:\/\/sahkoexpert.fi\/wp-content\/uploads\/2026\/02\/30602523410592_798x798-12x12.webp",12,12,true],"woocommerce_thumbnail":["https:\/\/sahkoexpert.fi\/wp-content\/uploads\/2026\/02\/30602523410592_798x798-300x300.webp",300,300,true],"woocommerce_single":["https:\/\/sahkoexpert.fi\/wp-content\/uploads\/2026\/02\/30602523410592_798x798-600x600.webp",600,600,true],"woocommerce_gallery_thumbnail":["https:\/\/sahkoexpert.fi\/wp-content\/uploads\/2026\/02\/30602523410592_798x798-100x100.webp",100,100,true]},"uagb_author_info":{"display_name":"Igor Kuznetsov","author_link":"https:\/\/sahkoexpert.fi\/en\/author\/"},"uagb_comment_info":0,"uagb_excerpt":"Tekniset tiedot: Latauskaapelin pituus: 5 m \/ 10 m \/ 20 m Maksimilatausteho: 3,6 kW Liit\u00e4nn\u00e4t: Schuko \u2013 Type 2 Takuu: 1 vuosi K\u00e4ytt\u00f6l\u00e4mp\u00f6tila: \u221225 \u00b0C \u2026 +55 \u00b0C Suojaus ja turvallisuus: IP66, CE, vuotosuoja, yli- ja alij\u00e4nnitesuoja, ylikuormitussuoja, salamasuoja, ylikuumenemissuoja, Type A RCD Valmistusmaa: Kiina Virrans\u00e4\u00e4t\u00f6: 6 A \/ 8 A \/ 10 A&hellip;","_links":{"self":[{"href":"https:\/\/sahkoexpert.fi\/en\/wp-json\/wp\/v2\/product\/2666","targetHints":{"allow":["GET"]}}],"collection":[{"href":"https:\/\/sahkoexpert.fi\/en\/wp-json\/wp\/v2\/product"}],"about":[{"href":"https:\/\/sahkoexpert.fi\/en\/wp-json\/wp\/v2\/types\/product"}],"replies":[{"embeddable":true,"href":"https:\/\/sahkoexpert.fi\/en\/wp-json\/wp\/v2\/comments?post=2666"}],"wp:featuredmedia":[{"embeddable":true,"href":"https:\/\/sahkoexpert.fi\/en\/wp-json\/wp\/v2\/media\/2671"}],"wp:attachment":[{"href":"https:\/\/sahkoexpert.fi\/en\/wp-json\/wp\/v2\/media?parent=2666"}],"wp:term":[{"taxonomy":"product_brand","embeddable":true,"href":"https:\/\/sahkoexpert.fi\/en\/wp-json\/wp\/v2\/product_brand?post=2666"},{"taxonomy":"product_cat","embeddable":true,"href":"https:\/\/sahkoexpert.fi\/en\/wp-json\/wp\/v2\/product_cat?post=2666"},{"taxonomy":"product_tag","embeddable":true,"href":"https:\/\/sahkoexpert.fi\/en\/wp-json\/wp\/v2\/product_tag?post=2666"}],"curies":[{"name":"wp","href":"https:\/\/api.w.org\/{rel}","templated":true}]}}